{"id":11463,"date":"2021-11-04T17:26:00","date_gmt":"2021-11-04T21:26:00","guid":{"rendered":"http:\/\/mayurutour.com\/reise\/destinos-turisticos-norte-de-chile\/"},"modified":"2022-04-06T17:32:31","modified_gmt":"2022-04-06T21:32:31","slug":"reiseziele","status":"publish","type":"page","link":"https:\/\/mayurutour.com\/de\/reise\/reiseziele\/","title":{"rendered":"Reiseziele"},"content":{"rendered":"<section id=\"bt_bb_section69e97d0042ecb\" class=\"bt_bb_section bt_bb_layout_boxed_1200\"  data-bt-override-class=\"null\"><div class=\"bt_bb_port\"><div class=\"bt_bb_cell\"><div class=\"bt_bb_cell_inner\"><div class=\"bt_bb_row \"  data-bt-override-class=\"{}\"><div class=\"bt_bb_row_holder\" ><div  class=\"bt_bb_column col-xxl-12 col-xl-12 bt_bb_vertical_align_top bt_bb_align_left bt_bb_padding_normal\" style=\"; --column-width:12;\" data-width=\"12\" data-bt-override-class=\"{}\"><div class=\"bt_bb_column_content\"><div class=\"bt_bb_column_content_inner\"><div class=\"bt_bb_separator bt_bb_border_style_none bt_bb_top_spacing_normal bt_bb_bottom_spacing_normal\" data-bt-override-class=\"null\"><\/div><div class=\"bt_bb_masonry_post_grid bt_bb_grid_container bt_bb_columns_4 bt_bb_gap_normal\" data-columns=\"4\"><div class=\"bt_bb_masonry_post_grid_content bt_bb_grid_hide\" data-bt-bb-masonry-post-grid-nonce=\"a11c4088c2\" data-number=\"12\" data-category=\"reiseziele\" data-show=\"%7B%22category%22%3Atrue%2C%22date%22%3Afalse%2C%22author%22%3Afalse%2C%22comments%22%3Atrue%2C%22excerpt%22%3Atrue%2C%22share%22%3Atrue%7D\" data-auto-loading=\"auto_loading\" data-post-type=\"post\" data-ignore-nonce=\"\"><div class=\"bt_bb_grid_sizer\"><\/div><\/div><div class=\"bt_bb_post_grid_loader\"><\/div><\/div><div class=\"bt_bb_separator bt_bb_border_style_none bt_bb_top_spacing_normal bt_bb_bottom_spacing_normal\" data-bt-override-class=\"null\"><\/div><\/div><\/div><\/div><\/div><\/div><\/div><!-- cell_inner --><\/div><!-- cell --><\/div><!-- port --><\/section>\n","protected":false},"excerpt":{"rendered":"","protected":false},"author":1,"featured_media":5598,"parent":8859,"menu_order":0,"comment_status":"closed","ping_status":"closed","template":"","meta":{"_import_markdown_pro_load_document_selector":0,"_import_markdown_pro_submit_text_textarea":"","_joinchat":[],"footnotes":""},"class_list":["post-11463","page","type-page","status-publish","has-post-thumbnail","hentry"],"yoast_head":"<!-- This site is optimized with the Yoast SEO plugin v27.2 - https:\/\/yoast.com\/product\/yoast-seo-wordpress\/ -->\n<title>Reisen in den Norden Chiles: Reisetipps und Berichte | Chile Reiseblog<\/title>\n<meta name=\"description\" content=\"Auf dieser Seite finden Sie eine \u00dcbersicht \u00fcber Reisetipps, Artikel und Berichte f\u00fcr Reisen nach Nordchile. Buchen Sie Touren durch Nordchile.\" \/>\n<meta name=\"robots\" content=\"index, follow, max-snippet:-1, max-image-preview:large, max-video-preview:-1\" \/>\n<link rel=\"canonical\" href=\"https:\/\/mayurutour.com\/de\/reise\/reiseziele\/\" \/>\n<meta property=\"og:locale\" content=\"de_DE\" \/>\n<meta property=\"og:type\" content=\"article\" \/>\n<meta property=\"og:title\" content=\"Reisen in den Norden Chiles: Reisetipps und Berichte | Chile Reiseblog\" \/>\n<meta property=\"og:description\" content=\"Auf dieser Seite finden Sie eine \u00dcbersicht \u00fcber Reisetipps, Artikel und Berichte f\u00fcr Reisen nach Nordchile. Buchen Sie Touren durch Nordchile.\" \/>\n<meta property=\"og:url\" content=\"https:\/\/mayurutour.com\/de\/reise\/reiseziele\/\" \/>\n<meta property=\"og:site_name\" content=\"Mayuru Tour\" \/>\n<meta property=\"article:publisher\" content=\"https:\/\/www.facebook.com\/Agencia.de.viajes.en.chile\/\" \/>\n<meta property=\"article:modified_time\" content=\"2022-04-06T21:32:31+00:00\" \/>\n<meta property=\"og:image\" content=\"https:\/\/mayurutour.com\/wp-content\/uploads\/2019\/12\/mayuru-tour-banner-3.jpg\" \/>\n\t<meta property=\"og:image:width\" content=\"1920\" \/>\n\t<meta property=\"og:image:height\" content=\"1280\" \/>\n\t<meta property=\"og:image:type\" content=\"image\/jpeg\" \/>\n<meta name=\"twitter:card\" content=\"summary_large_image\" \/>\n<meta name=\"twitter:label1\" content=\"Gesch\u00e4tzte Lesezeit\" \/>\n\t<meta name=\"twitter:data1\" content=\"1\u00a0Minute\" \/>\n<script type=\"application\/ld+json\" class=\"yoast-schema-graph\">{\"@context\":\"https:\/\/schema.org\",\"@graph\":[{\"@type\":\"WebPage\",\"@id\":\"https:\/\/mayurutour.com\/de\/reise\/reiseziele\/\",\"url\":\"https:\/\/mayurutour.com\/de\/reise\/reiseziele\/\",\"name\":\"Reisen in den Norden Chiles: Reisetipps und Berichte | Chile Reiseblog\",\"isPartOf\":{\"@id\":\"https:\/\/mayurutour.com\/de\/#website\"},\"primaryImageOfPage\":{\"@id\":\"https:\/\/mayurutour.com\/de\/reise\/reiseziele\/#primaryimage\"},\"image\":{\"@id\":\"https:\/\/mayurutour.com\/de\/reise\/reiseziele\/#primaryimage\"},\"thumbnailUrl\":\"https:\/\/mayurutour.com\/wp-content\/uploads\/2019\/12\/mayuru-tour-banner-3.jpg\",\"datePublished\":\"2021-11-04T21:26:00+00:00\",\"dateModified\":\"2022-04-06T21:32:31+00:00\",\"description\":\"Auf dieser Seite finden Sie eine \u00dcbersicht \u00fcber Reisetipps, Artikel und Berichte f\u00fcr Reisen nach Nordchile. Buchen Sie Touren durch Nordchile.\",\"breadcrumb\":{\"@id\":\"https:\/\/mayurutour.com\/de\/reise\/reiseziele\/#breadcrumb\"},\"inLanguage\":\"de\",\"potentialAction\":[{\"@type\":\"ReadAction\",\"target\":[\"https:\/\/mayurutour.com\/de\/reise\/reiseziele\/\"]}]},{\"@type\":\"ImageObject\",\"inLanguage\":\"de\",\"@id\":\"https:\/\/mayurutour.com\/de\/reise\/reiseziele\/#primaryimage\",\"url\":\"https:\/\/mayurutour.com\/wp-content\/uploads\/2019\/12\/mayuru-tour-banner-3.jpg\",\"contentUrl\":\"https:\/\/mayurutour.com\/wp-content\/uploads\/2019\/12\/mayuru-tour-banner-3.jpg\",\"width\":1920,\"height\":1280,\"caption\":\"Viajes Mayuru Tours San Pedro de Atacama Desierto Chile\"},{\"@type\":\"BreadcrumbList\",\"@id\":\"https:\/\/mayurutour.com\/de\/reise\/reiseziele\/#breadcrumb\",\"itemListElement\":[{\"@type\":\"ListItem\",\"position\":1,\"name\":\"Portada\",\"item\":\"https:\/\/mayurutour.com\/de\/\"},{\"@type\":\"ListItem\",\"position\":2,\"name\":\"Reiseblog\",\"item\":\"https:\/\/mayurutour.com\/de\/viajes\/\"},{\"@type\":\"ListItem\",\"position\":3,\"name\":\"Reiseziele\"}]},{\"@type\":\"WebSite\",\"@id\":\"https:\/\/mayurutour.com\/de\/#website\",\"url\":\"https:\/\/mayurutour.com\/de\/\",\"name\":\"Mayuru Tour\",\"description\":\"Agencia de Viajes y Turismo en el Norte de Chile\",\"publisher\":{\"@id\":\"https:\/\/mayurutour.com\/de\/#organization\"},\"potentialAction\":[{\"@type\":\"SearchAction\",\"target\":{\"@type\":\"EntryPoint\",\"urlTemplate\":\"https:\/\/mayurutour.com\/de\/?s={search_term_string}\"},\"query-input\":{\"@type\":\"PropertyValueSpecification\",\"valueRequired\":true,\"valueName\":\"search_term_string\"}}],\"inLanguage\":\"de\"},{\"@type\":\"Organization\",\"@id\":\"https:\/\/mayurutour.com\/de\/#organization\",\"name\":\"Mayuru Tour\",\"url\":\"https:\/\/mayurutour.com\/de\/\",\"logo\":{\"@type\":\"ImageObject\",\"inLanguage\":\"de\",\"@id\":\"https:\/\/mayurutour.com\/de\/#\/schema\/logo\/image\/\",\"url\":\"https:\/\/mayurutour.com\/wp-content\/uploads\/2020\/04\/mayuru-600x300-1.png\",\"contentUrl\":\"https:\/\/mayurutour.com\/wp-content\/uploads\/2020\/04\/mayuru-600x300-1.png\",\"width\":600,\"height\":300,\"caption\":\"Mayuru Tour\"},\"image\":{\"@id\":\"https:\/\/mayurutour.com\/de\/#\/schema\/logo\/image\/\"},\"sameAs\":[\"https:\/\/www.facebook.com\/Agencia.de.viajes.en.chile\/\",\"https:\/\/www.instagram.com\/viajeschiletour\/\",\"https:\/\/www.youtube.com\/channel\/UC2B3fyd0obC0sPFAQIfJI_A\"]}]}<\/script>\n<!-- \/ Yoast SEO plugin. -->","yoast_head_json":{"title":"Reisen in den Norden Chiles: Reisetipps und Berichte | Chile Reiseblog","description":"Auf dieser Seite finden Sie eine \u00dcbersicht \u00fcber Reisetipps, Artikel und Berichte f\u00fcr Reisen nach Nordchile. Buchen Sie Touren durch Nordchile.","robots":{"index":"index","follow":"follow","max-snippet":"max-snippet:-1","max-image-preview":"max-image-preview:large","max-video-preview":"max-video-preview:-1"},"canonical":"https:\/\/mayurutour.com\/de\/reise\/reiseziele\/","og_locale":"de_DE","og_type":"article","og_title":"Reisen in den Norden Chiles: Reisetipps und Berichte | Chile Reiseblog","og_description":"Auf dieser Seite finden Sie eine \u00dcbersicht \u00fcber Reisetipps, Artikel und Berichte f\u00fcr Reisen nach Nordchile. Buchen Sie Touren durch Nordchile.","og_url":"https:\/\/mayurutour.com\/de\/reise\/reiseziele\/","og_site_name":"Mayuru Tour","article_publisher":"https:\/\/www.facebook.com\/Agencia.de.viajes.en.chile\/","article_modified_time":"2022-04-06T21:32:31+00:00","og_image":[{"width":1920,"height":1280,"url":"https:\/\/mayurutour.com\/wp-content\/uploads\/2019\/12\/mayuru-tour-banner-3.jpg","type":"image\/jpeg"}],"twitter_card":"summary_large_image","twitter_misc":{"Gesch\u00e4tzte Lesezeit":"1\u00a0Minute"},"schema":{"@context":"https:\/\/schema.org","@graph":[{"@type":"WebPage","@id":"https:\/\/mayurutour.com\/de\/reise\/reiseziele\/","url":"https:\/\/mayurutour.com\/de\/reise\/reiseziele\/","name":"Reisen in den Norden Chiles: Reisetipps und Berichte | Chile Reiseblog","isPartOf":{"@id":"https:\/\/mayurutour.com\/de\/#website"},"primaryImageOfPage":{"@id":"https:\/\/mayurutour.com\/de\/reise\/reiseziele\/#primaryimage"},"image":{"@id":"https:\/\/mayurutour.com\/de\/reise\/reiseziele\/#primaryimage"},"thumbnailUrl":"https:\/\/mayurutour.com\/wp-content\/uploads\/2019\/12\/mayuru-tour-banner-3.jpg","datePublished":"2021-11-04T21:26:00+00:00","dateModified":"2022-04-06T21:32:31+00:00","description":"Auf dieser Seite finden Sie eine \u00dcbersicht \u00fcber Reisetipps, Artikel und Berichte f\u00fcr Reisen nach Nordchile. Buchen Sie Touren durch Nordchile.","breadcrumb":{"@id":"https:\/\/mayurutour.com\/de\/reise\/reiseziele\/#breadcrumb"},"inLanguage":"de","potentialAction":[{"@type":"ReadAction","target":["https:\/\/mayurutour.com\/de\/reise\/reiseziele\/"]}]},{"@type":"ImageObject","inLanguage":"de","@id":"https:\/\/mayurutour.com\/de\/reise\/reiseziele\/#primaryimage","url":"https:\/\/mayurutour.com\/wp-content\/uploads\/2019\/12\/mayuru-tour-banner-3.jpg","contentUrl":"https:\/\/mayurutour.com\/wp-content\/uploads\/2019\/12\/mayuru-tour-banner-3.jpg","width":1920,"height":1280,"caption":"Viajes Mayuru Tours San Pedro de Atacama Desierto Chile"},{"@type":"BreadcrumbList","@id":"https:\/\/mayurutour.com\/de\/reise\/reiseziele\/#breadcrumb","itemListElement":[{"@type":"ListItem","position":1,"name":"Portada","item":"https:\/\/mayurutour.com\/de\/"},{"@type":"ListItem","position":2,"name":"Reiseblog","item":"https:\/\/mayurutour.com\/de\/viajes\/"},{"@type":"ListItem","position":3,"name":"Reiseziele"}]},{"@type":"WebSite","@id":"https:\/\/mayurutour.com\/de\/#website","url":"https:\/\/mayurutour.com\/de\/","name":"Mayuru Tour","description":"Agencia de Viajes y Turismo en el Norte de Chile","publisher":{"@id":"https:\/\/mayurutour.com\/de\/#organization"},"potentialAction":[{"@type":"SearchAction","target":{"@type":"EntryPoint","urlTemplate":"https:\/\/mayurutour.com\/de\/?s={search_term_string}"},"query-input":{"@type":"PropertyValueSpecification","valueRequired":true,"valueName":"search_term_string"}}],"inLanguage":"de"},{"@type":"Organization","@id":"https:\/\/mayurutour.com\/de\/#organization","name":"Mayuru Tour","url":"https:\/\/mayurutour.com\/de\/","logo":{"@type":"ImageObject","inLanguage":"de","@id":"https:\/\/mayurutour.com\/de\/#\/schema\/logo\/image\/","url":"https:\/\/mayurutour.com\/wp-content\/uploads\/2020\/04\/mayuru-600x300-1.png","contentUrl":"https:\/\/mayurutour.com\/wp-content\/uploads\/2020\/04\/mayuru-600x300-1.png","width":600,"height":300,"caption":"Mayuru Tour"},"image":{"@id":"https:\/\/mayurutour.com\/de\/#\/schema\/logo\/image\/"},"sameAs":["https:\/\/www.facebook.com\/Agencia.de.viajes.en.chile\/","https:\/\/www.instagram.com\/viajeschiletour\/","https:\/\/www.youtube.com\/channel\/UC2B3fyd0obC0sPFAQIfJI_A"]}]}},"_links":{"self":[{"href":"https:\/\/mayurutour.com\/de\/wp-json\/wp\/v2\/pages\/11463","targetHints":{"allow":["GET"]}}],"collection":[{"href":"https:\/\/mayurutour.com\/de\/wp-json\/wp\/v2\/pages"}],"about":[{"href":"https:\/\/mayurutour.com\/de\/wp-json\/wp\/v2\/types\/page"}],"author":[{"embeddable":true,"href":"https:\/\/mayurutour.com\/de\/wp-json\/wp\/v2\/users\/1"}],"replies":[{"embeddable":true,"href":"https:\/\/mayurutour.com\/de\/wp-json\/wp\/v2\/comments?post=11463"}],"version-history":[{"count":2,"href":"https:\/\/mayurutour.com\/de\/wp-json\/wp\/v2\/pages\/11463\/revisions"}],"predecessor-version":[{"id":11474,"href":"https:\/\/mayurutour.com\/de\/wp-json\/wp\/v2\/pages\/11463\/revisions\/11474"}],"up":[{"embeddable":true,"href":"https:\/\/mayurutour.com\/de\/wp-json\/wp\/v2\/pages\/8859"}],"wp:featuredmedia":[{"embeddable":true,"href":"https:\/\/mayurutour.com\/de\/wp-json\/wp\/v2\/media\/5598"}],"wp:attachment":[{"href":"https:\/\/mayurutour.com\/de\/wp-json\/wp\/v2\/media?parent=11463"}],"curies":[{"name":"wp","href":"https:\/\/api.w.org\/{rel}","templated":true}]}}