{"id":6106,"date":"2019-12-14T13:40:04","date_gmt":"2019-12-14T17:40:04","guid":{"rendered":"http:\/\/mayurutour.com\/contacto\/"},"modified":"2022-04-06T12:08:13","modified_gmt":"2022-04-06T16:08:13","slug":"contact-nous","status":"publish","type":"page","link":"https:\/\/mayurutour.com\/fr\/contact-nous\/","title":{"rendered":"Contact"},"content":{"rendered":"<p><section id=\"bt_bb_section69e966a7ecbe4\" class=\"bt_bb_section bt_bb_layout_boxed_1200 bt_bb_vertical_align_top bt_bb_top_spacing_extra_large bt_bb_bottom_spacing_large\"  data-bt-override-class=\"null\"><div class=\"bt_bb_port\"><div class=\"bt_bb_cell\"><div class=\"bt_bb_cell_inner\"><div class=\"bt_bb_row \"  data-bt-override-class=\"{}\"><div class=\"bt_bb_row_holder\" ><div  class=\"bt_bb_column col-xxl-6 col-xl-6 bt_bb_vertical_align_top bt_bb_align_left bt_bb_padding_normal bt_bb_animation_fade_in animate\" style=\"; --column-width:6;\" data-width=\"6\" data-bt-override-class=\"{}\"><div class=\"bt_bb_column_content\"><div class=\"bt_bb_column_content_inner\"><header class=\"bt_bb_headline bt_bb_font_weight_normal bt_bb_dash_none bt_bb_superheadline bt_bb_subheadline bt_bb_size_large bt_bb_align_inherit\" data-bt-override-class=\"{}\"><h2 class=\"bt_bb_headline_tag\"><span class=\"bt_bb_headline_superheadline\">MAYURU TOUR<\/span><span class=\"bt_bb_headline_content\"><span><s><b>Contactez-nous<\/b><\/s><\/span><\/span><\/h2><div class=\"bt_bb_headline_subheadline\">si vous avez des questions ou des suggestions, n'h\u00e9sitez pas \u00e0 nous \u00e9crire et nous vous r\u00e9pondrons dans les plus brefs d\u00e9lais.<\/div><\/header><div class=\"bt_bb_separator bt_bb_border_style_none bt_bb_top_spacing_small bt_bb_bottom_spacing_medium\" data-bt-override-class=\"null\"><\/div><div class=\"bt_bb_raw_content\"><iframe loading=\"lazy\" src=\"https:\/\/www.google.com\/maps\/embed?pb=!1m18!1m12!1m3!1d15500282.54895845!2d-79.2539921554019!3d-18.472392073813868!2m3!1f0!2f0!3f0!3m2!1i1024!2i768!4f13.1!3m3!1m2!1s0x915aa98ad932c235%3A0x27f5886c04d8d71d!2sArica%2C%20Arica%20y%20Parinacota%2C%20Chile!5e0!3m2!1ses-419!2scr!4v1577664479928!5m2!1ses-419!2scr\" width=\"100%\" height=\"720\" frameborder=\"0\" style=\"border:0;\" allowfullscreen=\"\"><\/iframe><\/div><div class=\"bt_bb_separator bt_bb_border_style_none bt_bb_bottom_spacing_normal bt_bb_hidden_md bt_bb_hidden_lg\" data-bt-override-class=\"null\"><\/div><\/div><\/div><\/div><div  class=\"bt_bb_column col-xxl-6 col-xl-6 bt_bb_vertical_align_top bt_bb_align_left bt_bb_padding_normal bt_bb_animation_fade_in animate\" style=\"; --column-width:6;\" data-width=\"6\" data-bt-override-class=\"{}\"><div class=\"bt_bb_column_content\"><div class=\"bt_bb_column_content_inner\"><div class=\"bt_bb_separator bt_bb_border_style_none bt_bb_bottom_spacing_medium\" data-bt-override-class=\"null\"><\/div><div class=\" bt_bb_row_inner\"   data-bt-override-class=\"{}\"><div class=\"bt_bb_row_inner_holder\"  ><div  class=\"bt_bb_column_inner col-xxl-4 col-xl-4 bt_bb_vertical_align_top bt_bb_align_center bt_bb_padding_normal\"  data-width=\"4\" data-bt-override-class=\"{}\"><div class=\"bt_bb_column_inner_content\"><div class=\"bt_bb_column_inner_content_inner\"><div class=\"bt_bb_service bt_bb_color_scheme_3 bt_bb_style_borderless bt_bb_size_normal bt_bb_shape_circle bt_bb_target_self bt_bb_align_inherit\" style=\"; --primary-color:#a48461; --secondary-color:#181818;\" data-bt-override-class=\"{}\"><span  data-ico-travel3=\"&#xe90d;\" class=\"bt_bb_icon_holder\"><\/span><div class=\"bt_bb_service_content\"><div class=\"bt_bb_service_content_title\">Adresse<\/div><div class=\"bt_bb_service_content_text\">Arica - Putre, Chili<\/div><\/div><\/div><div class=\"bt_bb_separator bt_bb_border_style_none bt_bb_bottom_spacing_normal\" data-bt-override-class=\"null\"><\/div><\/div><\/div><\/div><div  class=\"bt_bb_column_inner col-xxl-4 col-xl-4 bt_bb_vertical_align_top bt_bb_align_center bt_bb_padding_normal\"  data-width=\"4\" data-bt-override-class=\"{}\"><div class=\"bt_bb_column_inner_content\"><div class=\"bt_bb_column_inner_content_inner\"><div class=\"bt_bb_service bt_bb_color_scheme_3 bt_bb_style_borderless bt_bb_size_normal bt_bb_shape_circle bt_bb_target_self bt_bb_align_inherit\" style=\"; --primary-color:#a48461; --secondary-color:#181818;\" data-bt-override-class=\"{}\"><span  data-ico-essential=\"&#xea28;\" class=\"bt_bb_icon_holder\"><\/span><div class=\"bt_bb_service_content\"><div class=\"bt_bb_service_content_title\">Tel. Port<\/div><div class=\"bt_bb_service_content_text\">+56 9 85821493<br \/><br \/>\n+56 9 88446568<br \/><br \/>\nSkype: mayuru.tour<\/div><\/div><\/div><div class=\"bt_bb_separator bt_bb_border_style_none bt_bb_bottom_spacing_normal\" data-bt-override-class=\"null\"><\/div><\/div><\/div><\/div><div  class=\"bt_bb_column_inner col-xxl-4 col-xl-4 bt_bb_vertical_align_top bt_bb_align_center bt_bb_padding_normal\"  data-width=\"4\" data-bt-override-class=\"{}\"><div class=\"bt_bb_column_inner_content\"><div class=\"bt_bb_column_inner_content_inner\"><div class=\"bt_bb_service bt_bb_color_scheme_3 bt_bb_style_borderless bt_bb_size_normal bt_bb_shape_circle bt_bb_target_self bt_bb_align_inherit\" style=\"; --primary-color:#a48461; --secondary-color:#181818;\" data-bt-override-class=\"{&quot;bt_bb_size_&quot;:{&quot;current_class&quot;:&quot;bt_bb_size_normal&quot;,&quot;def&quot;:&quot;normal&quot;,&quot;xl&quot;:&quot;normal&quot;},&quot;bt_bb_align_&quot;:{&quot;current_class&quot;:&quot;bt_bb_align_inherit&quot;,&quot;def&quot;:&quot;inherit&quot;,&quot;xl&quot;:&quot;inherit&quot;}}\"><span  data-ico-travel3=\"&#xe909;\" class=\"bt_bb_icon_holder\"><\/span><div class=\"bt_bb_service_content\"><div class=\"bt_bb_service_content_title\">E-mail<\/div><div class=\"bt_bb_service_content_text\">reservas@mayurutour.com<br \/><br \/>\ninfo@mayurutour.com<\/div><\/div><\/div><div class=\"bt_bb_separator bt_bb_border_style_none bt_bb_bottom_spacing_normal\" data-bt-override-class=\"null\"><\/div><\/div><\/div><\/div><\/div><\/div><div class=\"bt_bb_separator bt_bb_border_style_none bt_bb_top_spacing_small bt_bb_bottom_spacing_normal bt_bb_hidden_xs bt_bb_hidden_ms bt_bb_hidden_sm\" data-bt-override-class=\"null\"><\/div><div  class=\"bt_bb_text\" >\n<div class=\"wpcf7 no-js\" id=\"wpcf7-f8210-o1\" lang=\"fr-FR\" dir=\"ltr\" data-wpcf7-id=\"8210\">\n<div class=\"screen-reader-response\"><p role=\"status\" aria-live=\"polite\" aria-atomic=\"true\"><\/p> <ul><\/ul><\/div>\n<form action=\"\/fr\/wp-json\/wp\/v2\/pages\/6106#wpcf7-f8210-o1\" method=\"post\" class=\"wpcf7-form init\" aria-label=\"Formulaire de contact\" novalidate=\"novalidate\" data-status=\"init\">\n<div style=\"display: none;\">\n<input type=\"hidden\" name=\"_wpcf7\" value=\"8210\" \/>\n<input type=\"hidden\" name=\"_wpcf7_version\" value=\"6.0.6\" \/>\n<input type=\"hidden\" name=\"_wpcf7_locale\" value=\"fr_FR\" \/>\n<input type=\"hidden\" name=\"_wpcf7_unit_tag\" value=\"wpcf7-f8210-o1\" \/>\n<input type=\"hidden\" name=\"_wpcf7_container_post\" value=\"0\" \/>\n<input type=\"hidden\" name=\"_wpcf7_posted_data_hash\" value=\"\" \/>\n<input type=\"hidden\" name=\"_wpcf7_recaptcha_response\" value=\"\" \/>\n<\/div>\n<p><label> Votre nom (obligatoire)<br \/>\n<span class=\"wpcf7-form-control-wrap\" data-name=\"your-name\"><input size=\"40\" maxlength=\"400\" class=\"wpcf7-form-control wpcf7-text wpcf7-validates-as-required\" aria-required=\"true\" aria-invalid=\"false\" value=\"\" type=\"text\" name=\"your-name\" \/><\/span> <\/label>\n<\/p>\n<p><label> Votre email (obligatoire)<br \/>\n<span class=\"wpcf7-form-control-wrap\" data-name=\"your-email\"><input size=\"40\" maxlength=\"400\" class=\"wpcf7-form-control wpcf7-email wpcf7-validates-as-required wpcf7-text wpcf7-validates-as-email\" aria-required=\"true\" aria-invalid=\"false\" value=\"\" type=\"email\" name=\"your-email\" \/><\/span> <\/label>\n<\/p>\n<p><label> Objet<br \/>\n<span class=\"wpcf7-form-control-wrap\" data-name=\"your-subject\"><input size=\"40\" maxlength=\"400\" class=\"wpcf7-form-control wpcf7-text\" aria-invalid=\"false\" value=\"\" type=\"text\" name=\"your-subject\" \/><\/span> <\/label>\n<\/p>\n<p><label> Votre message<br \/>\n<span class=\"wpcf7-form-control-wrap\" data-name=\"your-message\"><textarea cols=\"40\" rows=\"10\" maxlength=\"2000\" class=\"wpcf7-form-control wpcf7-textarea\" aria-invalid=\"false\" name=\"your-message\"><\/textarea><\/span> <\/label>\n<\/p>\n<p><input class=\"wpcf7-form-control wpcf7-submit has-spinner\" type=\"submit\" value=\"Envoyer\" \/>\n<\/p><p style=\"display: none !important;\" class=\"akismet-fields-container\" data-prefix=\"_wpcf7_ak_\"><label>&#916;<textarea name=\"_wpcf7_ak_hp_textarea\" cols=\"45\" rows=\"8\" maxlength=\"100\"><\/textarea><\/label><input type=\"hidden\" id=\"ak_js_1\" name=\"_wpcf7_ak_js\" value=\"228\"\/><script>document.getElementById( \"ak_js_1\" ).setAttribute( \"value\", ( new Date() ).getTime() );<\/script><\/p><div class=\"wpcf7-response-output\" aria-hidden=\"true\"><\/div>\n<\/form>\n<\/div>\n<\/div><\/div><\/div><\/div><\/div><\/div><\/div><!-- cell_inner --><\/div><!-- cell --><\/div><!-- port --><\/section><section id=\"bt_bb_section69e966a7efa70\" class=\"bt_bb_section bt_bb_color_scheme_12 bt_bb_layout_boxed_1200 bt_bb_vertical_align_top bt_bb_top_spacing_extra_large bt_bb_bottom_spacing_extra_large\" style=\"margin-right: 20px; margin-left: 20px;; --section-primary-color:#a48461; --section-secondary-color:#d7b184;\" data-bt-override-class=\"null\"><div class=\"bt_bb_background_image_holder_wrapper\"><div class=\"bt_bb_background_image_holder\"  data-parallax-zoom-start=\"1\" data-parallax-zoom-end=\"1\" data-parallax-blur-start=\"0\" data-parallax-blur-end=\"0\" data-parallax-opacity-start=\"1\" data-parallax-opacity-end=\"1\" style=\" background-image:url(&#039;https:\/\/mayurutour.com\/wp-content\/uploads\/2019\/12\/mayuru-tour-slider-5-e1632020908775.jpg&#039;);\"><\/div><\/div><div class=\"bt_bb_port\"><div class=\"bt_bb_cell\"><div class=\"bt_bb_cell_inner\"><div class=\"bt_bb_row \"  data-bt-override-class=\"{}\"><div class=\"bt_bb_row_holder\" ><div  class=\"bt_bb_column col-xxl-6 col-xl-6 bt_bb_vertical_align_top bt_bb_align_left bt_bb_padding_normal bt_bb_animation_fade_in zoom_out animate\" style=\"; --column-width:6;\" data-width=\"6\" data-bt-override-class=\"{}\"><div class=\"bt_bb_column_content\"><div class=\"bt_bb_column_content_inner\"><header class=\"bt_bb_headline bt_bb_font_weight_normal bt_bb_dash_none bt_bb_superheadline bt_bb_subheadline bt_bb_size_large bt_bb_align_inherit\" data-bt-override-class=\"{}\"><h2 class=\"bt_bb_headline_tag\"><span class=\"bt_bb_headline_superheadline\">MAYURU TOUR<\/span><span class=\"bt_bb_headline_content\"><span>Abonnez-vous pour <s><b>plus d'informations<\/b><\/s><\/span><\/span><\/h2><div class=\"bt_bb_headline_subheadline\">Abonnez-vous \u00e0 notre newsletter et soyez le premier \u00e0 conna\u00eetre nos actualit\u00e9s.<\/div><\/header><div class=\"bt_bb_separator bt_bb_border_style_none bt_bb_top_spacing_small bt_bb_bottom_spacing_normal\" data-bt-override-class=\"null\"><\/div><div  class=\"bt_bb_text\" >\n<div class=\"wpcf7 no-js\" id=\"wpcf7-f7815-o2\" lang=\"fr-FR\" dir=\"ltr\" data-wpcf7-id=\"7815\">\n<div class=\"screen-reader-response\"><p role=\"status\" aria-live=\"polite\" aria-atomic=\"true\"><\/p> <ul><\/ul><\/div>\n<form action=\"\/fr\/wp-json\/wp\/v2\/pages\/6106#wpcf7-f7815-o2\" method=\"post\" class=\"wpcf7-form init\" aria-label=\"Formulaire de contact\" novalidate=\"novalidate\" data-status=\"init\">\n<div style=\"display: none;\">\n<input type=\"hidden\" name=\"_wpcf7\" value=\"7815\" \/>\n<input type=\"hidden\" name=\"_wpcf7_version\" value=\"6.0.6\" \/>\n<input type=\"hidden\" name=\"_wpcf7_locale\" value=\"fr_FR\" \/>\n<input type=\"hidden\" name=\"_wpcf7_unit_tag\" value=\"wpcf7-f7815-o2\" \/>\n<input type=\"hidden\" name=\"_wpcf7_container_post\" value=\"0\" \/>\n<input type=\"hidden\" name=\"_wpcf7_posted_data_hash\" value=\"\" \/>\n<input type=\"hidden\" name=\"_wpcf7_recaptcha_response\" value=\"\" \/>\n<\/div>\n<div class=\"InlineNewsletterForm\">\n\t<p><span class=\"wpcf7-form-control-wrap\" data-name=\"newsletter-email\"><input size=\"40\" maxlength=\"400\" class=\"wpcf7-form-control wpcf7-email wpcf7-validates-as-required wpcf7-text wpcf7-validates-as-email\" aria-required=\"true\" aria-invalid=\"false\" placeholder=\"votre email\" value=\"\" type=\"email\" name=\"newsletter-email\" \/><\/span><input class=\"wpcf7-form-control wpcf7-submit has-spinner\" type=\"submit\" value=\"envoyer\" \/>\n\t<\/p>\n<\/div><p style=\"display: none !important;\" class=\"akismet-fields-container\" data-prefix=\"_wpcf7_ak_\"><label>&#916;<textarea name=\"_wpcf7_ak_hp_textarea\" cols=\"45\" rows=\"8\" maxlength=\"100\"><\/textarea><\/label><input type=\"hidden\" id=\"ak_js_2\" name=\"_wpcf7_ak_js\" value=\"189\"\/><script>document.getElementById( \"ak_js_2\" ).setAttribute( \"value\", ( new Date() ).getTime() );<\/script><\/p><div class=\"wpcf7-response-output\" aria-hidden=\"true\"><\/div>\n<\/form>\n<\/div>\n<\/div><\/div><\/div><\/div><div  class=\"bt_bb_column col-xxl-6 col-xl-6 bt_bb_vertical_align_top bt_bb_align_left bt_bb_padding_normal\" style=\"; --column-width:6;\" data-width=\"6\" data-bt-override-class=\"{}\"><div class=\"bt_bb_column_content\"><div class=\"bt_bb_column_content_inner\"><\/div><\/div><\/div><\/div><\/div><\/div><!-- cell_inner --><\/div><!-- cell --><\/div><!-- port --><\/section><\/p>\n","protected":false},"excerpt":{"rendered":"","protected":false},"author":1,"featured_media":6107,"parent":0,"menu_order":0,"comment_status":"closed","ping_status":"closed","template":"","meta":{"_import_markdown_pro_load_document_selector":0,"_import_markdown_pro_submit_text_textarea":"","_joinchat":[],"footnotes":""},"class_list":["post-6106","page","type-page","status-publish","has-post-thumbnail","hentry"],"yoast_head":"<!-- This site is optimized with the Yoast SEO plugin v27.2 - https:\/\/yoast.com\/product\/yoast-seo-wordpress\/ -->\n<title>Contact | Atacama et Altiplano Chilien Agence de Voyages, Mayuru Tour<\/title>\n<meta name=\"description\" content=\"Bienvenus sur notre site internet, con\u00e7u dans l&#039;intention de vous offrir la meilleure information concernant chacune de nos destinations touristiques.\" \/>\n<meta name=\"robots\" content=\"index, follow, max-snippet:-1, max-image-preview:large, max-video-preview:-1\" \/>\n<link rel=\"canonical\" href=\"https:\/\/mayurutour.com\/fr\/contact-nous\/\" \/>\n<meta property=\"og:locale\" content=\"fr_FR\" \/>\n<meta property=\"og:type\" content=\"article\" \/>\n<meta property=\"og:title\" content=\"Contact | Atacama et Altiplano Chilien Agence de Voyages, Mayuru Tour\" \/>\n<meta property=\"og:description\" content=\"Bienvenus sur notre site internet, con\u00e7u dans l&#039;intention de vous offrir la meilleure information concernant chacune de nos destinations touristiques.\" \/>\n<meta property=\"og:url\" content=\"https:\/\/mayurutour.com\/fr\/contact-nous\/\" \/>\n<meta property=\"og:site_name\" content=\"Mayuru Tour\" \/>\n<meta property=\"article:publisher\" content=\"https:\/\/www.facebook.com\/Agencia.de.viajes.en.chile\/\" \/>\n<meta property=\"article:modified_time\" content=\"2022-04-06T16:08:13+00:00\" \/>\n<meta property=\"og:image\" content=\"https:\/\/mayurutour.com\/wp-content\/uploads\/2019\/12\/mayuru-tour-slider-5-e1632020908775.jpg\" \/>\n\t<meta property=\"og:image:width\" content=\"2048\" \/>\n\t<meta property=\"og:image:height\" content=\"881\" \/>\n\t<meta property=\"og:image:type\" content=\"image\/jpeg\" \/>\n<meta name=\"twitter:card\" content=\"summary_large_image\" \/>\n<meta name=\"twitter:label1\" content=\"Dur\u00e9e de lecture estim\u00e9e\" \/>\n\t<meta name=\"twitter:data1\" content=\"5 minutes\" \/>\n<script type=\"application\/ld+json\" class=\"yoast-schema-graph\">{\"@context\":\"https:\/\/schema.org\",\"@graph\":[{\"@type\":\"WebPage\",\"@id\":\"https:\/\/mayurutour.com\/fr\/contact-nous\/\",\"url\":\"https:\/\/mayurutour.com\/fr\/contact-nous\/\",\"name\":\"Contact | Atacama et Altiplano Chilien Agence de Voyages, Mayuru Tour\",\"isPartOf\":{\"@id\":\"https:\/\/mayurutour.com\/fr\/#website\"},\"primaryImageOfPage\":{\"@id\":\"https:\/\/mayurutour.com\/fr\/contact-nous\/#primaryimage\"},\"image\":{\"@id\":\"https:\/\/mayurutour.com\/fr\/contact-nous\/#primaryimage\"},\"thumbnailUrl\":\"https:\/\/mayurutour.com\/wp-content\/uploads\/2019\/12\/mayuru-tour-slider-5-e1632020908775.jpg\",\"datePublished\":\"2019-12-14T17:40:04+00:00\",\"dateModified\":\"2022-04-06T16:08:13+00:00\",\"description\":\"Bienvenus sur notre site internet, con\u00e7u dans l'intention de vous offrir la meilleure information concernant chacune de nos destinations touristiques.\",\"breadcrumb\":{\"@id\":\"https:\/\/mayurutour.com\/fr\/contact-nous\/#breadcrumb\"},\"inLanguage\":\"fr-FR\",\"potentialAction\":[{\"@type\":\"ReadAction\",\"target\":[\"https:\/\/mayurutour.com\/fr\/contact-nous\/\"]}]},{\"@type\":\"ImageObject\",\"inLanguage\":\"fr-FR\",\"@id\":\"https:\/\/mayurutour.com\/fr\/contact-nous\/#primaryimage\",\"url\":\"https:\/\/mayurutour.com\/wp-content\/uploads\/2019\/12\/mayuru-tour-slider-5-e1632020908775.jpg\",\"contentUrl\":\"https:\/\/mayurutour.com\/wp-content\/uploads\/2019\/12\/mayuru-tour-slider-5-e1632020908775.jpg\",\"width\":2048,\"height\":881,\"caption\":\"Mayuru Tours Agencia de Viajes y Turismo en el Norte de Chile\"},{\"@type\":\"BreadcrumbList\",\"@id\":\"https:\/\/mayurutour.com\/fr\/contact-nous\/#breadcrumb\",\"itemListElement\":[{\"@type\":\"ListItem\",\"position\":1,\"name\":\"Portada\",\"item\":\"https:\/\/mayurutour.com\/fr\/\"},{\"@type\":\"ListItem\",\"position\":2,\"name\":\"Contact\"}]},{\"@type\":\"WebSite\",\"@id\":\"https:\/\/mayurutour.com\/fr\/#website\",\"url\":\"https:\/\/mayurutour.com\/fr\/\",\"name\":\"Mayuru Tour\",\"description\":\"Agencia de Viajes y Turismo en el Norte de Chile\",\"publisher\":{\"@id\":\"https:\/\/mayurutour.com\/fr\/#organization\"},\"potentialAction\":[{\"@type\":\"SearchAction\",\"target\":{\"@type\":\"EntryPoint\",\"urlTemplate\":\"https:\/\/mayurutour.com\/fr\/?s={search_term_string}\"},\"query-input\":{\"@type\":\"PropertyValueSpecification\",\"valueRequired\":true,\"valueName\":\"search_term_string\"}}],\"inLanguage\":\"fr-FR\"},{\"@type\":\"Organization\",\"@id\":\"https:\/\/mayurutour.com\/fr\/#organization\",\"name\":\"Mayuru Tour\",\"url\":\"https:\/\/mayurutour.com\/fr\/\",\"logo\":{\"@type\":\"ImageObject\",\"inLanguage\":\"fr-FR\",\"@id\":\"https:\/\/mayurutour.com\/fr\/#\/schema\/logo\/image\/\",\"url\":\"https:\/\/mayurutour.com\/wp-content\/uploads\/2020\/04\/mayuru-600x300-1.png\",\"contentUrl\":\"https:\/\/mayurutour.com\/wp-content\/uploads\/2020\/04\/mayuru-600x300-1.png\",\"width\":600,\"height\":300,\"caption\":\"Mayuru Tour\"},\"image\":{\"@id\":\"https:\/\/mayurutour.com\/fr\/#\/schema\/logo\/image\/\"},\"sameAs\":[\"https:\/\/www.facebook.com\/Agencia.de.viajes.en.chile\/\",\"https:\/\/www.instagram.com\/viajeschiletour\/\",\"https:\/\/www.youtube.com\/channel\/UC2B3fyd0obC0sPFAQIfJI_A\"]}]}<\/script>\n<!-- \/ Yoast SEO plugin. -->","yoast_head_json":{"title":"Contact | Atacama et Altiplano Chilien Agence de Voyages, Mayuru Tour","description":"Bienvenus sur notre site internet, con\u00e7u dans l'intention de vous offrir la meilleure information concernant chacune de nos destinations touristiques.","robots":{"index":"index","follow":"follow","max-snippet":"max-snippet:-1","max-image-preview":"max-image-preview:large","max-video-preview":"max-video-preview:-1"},"canonical":"https:\/\/mayurutour.com\/fr\/contact-nous\/","og_locale":"fr_FR","og_type":"article","og_title":"Contact | Atacama et Altiplano Chilien Agence de Voyages, Mayuru Tour","og_description":"Bienvenus sur notre site internet, con\u00e7u dans l'intention de vous offrir la meilleure information concernant chacune de nos destinations touristiques.","og_url":"https:\/\/mayurutour.com\/fr\/contact-nous\/","og_site_name":"Mayuru Tour","article_publisher":"https:\/\/www.facebook.com\/Agencia.de.viajes.en.chile\/","article_modified_time":"2022-04-06T16:08:13+00:00","og_image":[{"width":2048,"height":881,"url":"https:\/\/mayurutour.com\/wp-content\/uploads\/2019\/12\/mayuru-tour-slider-5-e1632020908775.jpg","type":"image\/jpeg"}],"twitter_card":"summary_large_image","twitter_misc":{"Dur\u00e9e de lecture estim\u00e9e":"5 minutes"},"schema":{"@context":"https:\/\/schema.org","@graph":[{"@type":"WebPage","@id":"https:\/\/mayurutour.com\/fr\/contact-nous\/","url":"https:\/\/mayurutour.com\/fr\/contact-nous\/","name":"Contact | Atacama et Altiplano Chilien Agence de Voyages, Mayuru Tour","isPartOf":{"@id":"https:\/\/mayurutour.com\/fr\/#website"},"primaryImageOfPage":{"@id":"https:\/\/mayurutour.com\/fr\/contact-nous\/#primaryimage"},"image":{"@id":"https:\/\/mayurutour.com\/fr\/contact-nous\/#primaryimage"},"thumbnailUrl":"https:\/\/mayurutour.com\/wp-content\/uploads\/2019\/12\/mayuru-tour-slider-5-e1632020908775.jpg","datePublished":"2019-12-14T17:40:04+00:00","dateModified":"2022-04-06T16:08:13+00:00","description":"Bienvenus sur notre site internet, con\u00e7u dans l'intention de vous offrir la meilleure information concernant chacune de nos destinations touristiques.","breadcrumb":{"@id":"https:\/\/mayurutour.com\/fr\/contact-nous\/#breadcrumb"},"inLanguage":"fr-FR","potentialAction":[{"@type":"ReadAction","target":["https:\/\/mayurutour.com\/fr\/contact-nous\/"]}]},{"@type":"ImageObject","inLanguage":"fr-FR","@id":"https:\/\/mayurutour.com\/fr\/contact-nous\/#primaryimage","url":"https:\/\/mayurutour.com\/wp-content\/uploads\/2019\/12\/mayuru-tour-slider-5-e1632020908775.jpg","contentUrl":"https:\/\/mayurutour.com\/wp-content\/uploads\/2019\/12\/mayuru-tour-slider-5-e1632020908775.jpg","width":2048,"height":881,"caption":"Mayuru Tours Agencia de Viajes y Turismo en el Norte de Chile"},{"@type":"BreadcrumbList","@id":"https:\/\/mayurutour.com\/fr\/contact-nous\/#breadcrumb","itemListElement":[{"@type":"ListItem","position":1,"name":"Portada","item":"https:\/\/mayurutour.com\/fr\/"},{"@type":"ListItem","position":2,"name":"Contact"}]},{"@type":"WebSite","@id":"https:\/\/mayurutour.com\/fr\/#website","url":"https:\/\/mayurutour.com\/fr\/","name":"Mayuru Tour","description":"Agencia de Viajes y Turismo en el Norte de Chile","publisher":{"@id":"https:\/\/mayurutour.com\/fr\/#organization"},"potentialAction":[{"@type":"SearchAction","target":{"@type":"EntryPoint","urlTemplate":"https:\/\/mayurutour.com\/fr\/?s={search_term_string}"},"query-input":{"@type":"PropertyValueSpecification","valueRequired":true,"valueName":"search_term_string"}}],"inLanguage":"fr-FR"},{"@type":"Organization","@id":"https:\/\/mayurutour.com\/fr\/#organization","name":"Mayuru Tour","url":"https:\/\/mayurutour.com\/fr\/","logo":{"@type":"ImageObject","inLanguage":"fr-FR","@id":"https:\/\/mayurutour.com\/fr\/#\/schema\/logo\/image\/","url":"https:\/\/mayurutour.com\/wp-content\/uploads\/2020\/04\/mayuru-600x300-1.png","contentUrl":"https:\/\/mayurutour.com\/wp-content\/uploads\/2020\/04\/mayuru-600x300-1.png","width":600,"height":300,"caption":"Mayuru Tour"},"image":{"@id":"https:\/\/mayurutour.com\/fr\/#\/schema\/logo\/image\/"},"sameAs":["https:\/\/www.facebook.com\/Agencia.de.viajes.en.chile\/","https:\/\/www.instagram.com\/viajeschiletour\/","https:\/\/www.youtube.com\/channel\/UC2B3fyd0obC0sPFAQIfJI_A"]}]}},"_links":{"self":[{"href":"https:\/\/mayurutour.com\/fr\/wp-json\/wp\/v2\/pages\/6106","targetHints":{"allow":["GET"]}}],"collection":[{"href":"https:\/\/mayurutour.com\/fr\/wp-json\/wp\/v2\/pages"}],"about":[{"href":"https:\/\/mayurutour.com\/fr\/wp-json\/wp\/v2\/types\/page"}],"author":[{"embeddable":true,"href":"https:\/\/mayurutour.com\/fr\/wp-json\/wp\/v2\/users\/1"}],"replies":[{"embeddable":true,"href":"https:\/\/mayurutour.com\/fr\/wp-json\/wp\/v2\/comments?post=6106"}],"version-history":[{"count":1,"href":"https:\/\/mayurutour.com\/fr\/wp-json\/wp\/v2\/pages\/6106\/revisions"}],"predecessor-version":[{"id":11432,"href":"https:\/\/mayurutour.com\/fr\/wp-json\/wp\/v2\/pages\/6106\/revisions\/11432"}],"wp:featuredmedia":[{"embeddable":true,"href":"https:\/\/mayurutour.com\/fr\/wp-json\/wp\/v2\/media\/6107"}],"wp:attachment":[{"href":"https:\/\/mayurutour.com\/fr\/wp-json\/wp\/v2\/media?parent=6106"}],"curies":[{"name":"wp","href":"https:\/\/api.w.org\/{rel}","templated":true}]}}